{"id":213,"date":"2020-10-13T12:37:40","date_gmt":"2020-10-13T12:37:40","guid":{"rendered":"https:\/\/apaleoherramientas.com\/herramientas\/?post_type=product&#038;p=213"},"modified":"2020-12-09T13:34:55","modified_gmt":"2020-12-09T13:34:55","slug":"piedras-esmeriles","status":"publish","type":"product","link":"https:\/\/apaleoherramientas.com\/herramientas\/product\/piedras-esmeriles\/","title":{"rendered":"Tipo Sombrero"},"content":{"rendered":"<p>Rectificadoras de V\u00e1lvulas y Botadores<\/p>\n<ul>\n<li>A = Gris.<\/li>\n<li>CW = Verde.<\/li>\n<li>AA = Blanca.<\/li>\n<li>RA = Rosada.<\/li>\n<li>CM = Carburo Mescla.<\/li>\n<li>RU = Rub\u00ed.<\/li>\n<\/ul>\n","protected":false},"excerpt":{"rendered":"<p>Rectificadoras de V\u00e1lvulas y Botadores. Seleccione del siguiente men\u00fa las opciones posibles dentro de la categor\u00eda.<\/p>\n","protected":false},"featured_media":655,"template":"","meta":[],"product_brand":[],"product_cat":[26,27,30],"product_tag":[34,33],"class_list":{"0":"post-213","1":"product","2":"type-product","3":"status-publish","4":"has-post-thumbnail","6":"product_cat-abrasivos","7":"product_cat-piedras-esmeriles","8":"product_cat-tipo-bombe","9":"product_tag-abrasivo","10":"product_tag-esmeriles","12":"first","13":"instock","14":"shipping-taxable","15":"product-type-variable"},"_links":{"self":[{"href":"https:\/\/apaleoherramientas.com\/herramientas\/wp-json\/wp\/v2\/product\/213","targetHints":{"allow":["GET"]}}],"collection":[{"href":"https:\/\/apaleoherramientas.com\/herramientas\/wp-json\/wp\/v2\/product"}],"about":[{"href":"https:\/\/apaleoherramientas.com\/herramientas\/wp-json\/wp\/v2\/types\/product"}],"wp:featuredmedia":[{"embeddable":true,"href":"https:\/\/apaleoherramientas.com\/herramientas\/wp-json\/wp\/v2\/media\/655"}],"wp:attachment":[{"href":"https:\/\/apaleoherramientas.com\/herramientas\/wp-json\/wp\/v2\/media?parent=213"}],"wp:term":[{"taxonomy":"product_brand","embeddable":true,"href":"https:\/\/apaleoherramientas.com\/herramientas\/wp-json\/wp\/v2\/product_brand?post=213"},{"taxonomy":"product_cat","embeddable":true,"href":"https:\/\/apaleoherramientas.com\/herramientas\/wp-json\/wp\/v2\/product_cat?post=213"},{"taxonomy":"product_tag","embeddable":true,"href":"https:\/\/apaleoherramientas.com\/herramientas\/wp-json\/wp\/v2\/product_tag?post=213"}],"curies":[{"name":"wp","href":"https:\/\/api.w.org\/{rel}","templated":true}]}}