{"id":2300,"date":"2020-11-13T20:18:21","date_gmt":"2020-11-13T20:18:21","guid":{"rendered":"https:\/\/apaleoherramientas.com\/herramientas\/product\/import-placeholder-for-40\/"},"modified":"2020-12-09T14:20:05","modified_gmt":"2020-12-09T14:20:05","slug":"con-anclaje-para-maquina-con-autorregulacion-tipo-berco","status":"publish","type":"product","link":"https:\/\/apaleoherramientas.com\/herramientas\/product\/con-anclaje-para-maquina-con-autorregulacion-tipo-berco\/","title":{"rendered":"CON ANCLAJE PARA MAQUINA CON AUTORREGULACION TIPO BERCO"},"content":{"rendered":"<p>Corrige cilindros con ovalizaci\u00f3n, conicidad, y cualquier otra deformaci\u00f3n. Para incorporar a m\u00e1quina bru\u00f1idora con regulaci\u00f3n propia.<\/p>\n","protected":false},"excerpt":{"rendered":"<p>Corrige cilindros con ovalizaci\u00f3n, conicidad, y cualquier otra deformaci\u00f3n. Para incorporar a m\u00e1quina bru\u00f1idora con regulaci\u00f3n propia.<\/p>\n","protected":false},"featured_media":4932,"template":"","meta":[],"product_brand":[],"product_cat":[40],"product_tag":[],"class_list":{"0":"post-2300","1":"product","2":"type-product","3":"status-publish","4":"has-post-thumbnail","6":"product_cat-brunidores","8":"first","9":"instock","10":"shipping-taxable","11":"product-type-variable"},"_links":{"self":[{"href":"https:\/\/apaleoherramientas.com\/herramientas\/wp-json\/wp\/v2\/product\/2300","targetHints":{"allow":["GET"]}}],"collection":[{"href":"https:\/\/apaleoherramientas.com\/herramientas\/wp-json\/wp\/v2\/product"}],"about":[{"href":"https:\/\/apaleoherramientas.com\/herramientas\/wp-json\/wp\/v2\/types\/product"}],"wp:featuredmedia":[{"embeddable":true,"href":"https:\/\/apaleoherramientas.com\/herramientas\/wp-json\/wp\/v2\/media\/4932"}],"wp:attachment":[{"href":"https:\/\/apaleoherramientas.com\/herramientas\/wp-json\/wp\/v2\/media?parent=2300"}],"wp:term":[{"taxonomy":"product_brand","embeddable":true,"href":"https:\/\/apaleoherramientas.com\/herramientas\/wp-json\/wp\/v2\/product_brand?post=2300"},{"taxonomy":"product_cat","embeddable":true,"href":"https:\/\/apaleoherramientas.com\/herramientas\/wp-json\/wp\/v2\/product_cat?post=2300"},{"taxonomy":"product_tag","embeddable":true,"href":"https:\/\/apaleoherramientas.com\/herramientas\/wp-json\/wp\/v2\/product_tag?post=2300"}],"curies":[{"name":"wp","href":"https:\/\/api.w.org\/{rel}","templated":true}]}}