{"id":2447,"date":"2020-11-13T20:38:52","date_gmt":"2020-11-13T20:38:52","guid":{"rendered":"https:\/\/apaleoherramientas.com\/herramientas\/product\/import-placeholder-for-22\/"},"modified":"2020-12-09T13:04:47","modified_gmt":"2020-12-09T13:04:47","slug":"rectificacion-de-cigueales","status":"publish","type":"product","link":"https:\/\/apaleoherramientas.com\/herramientas\/product\/rectificacion-de-cigueales\/","title":{"rendered":"Rectificaci\u00f3n de cig\u00fce\u00f1ales"},"content":{"rendered":"","protected":false},"excerpt":{"rendered":"","protected":false},"featured_media":3852,"template":"","meta":[],"product_brand":[],"product_cat":[26,27,58],"product_tag":[],"class_list":{"0":"post-2447","1":"product","2":"type-product","3":"status-publish","4":"has-post-thumbnail","6":"product_cat-abrasivos","7":"product_cat-piedras-esmeriles","8":"product_cat-rectificacion-de-cigueales","10":"first","11":"instock","12":"shipping-taxable","13":"product-type-variable"},"_links":{"self":[{"href":"https:\/\/apaleoherramientas.com\/herramientas\/wp-json\/wp\/v2\/product\/2447","targetHints":{"allow":["GET"]}}],"collection":[{"href":"https:\/\/apaleoherramientas.com\/herramientas\/wp-json\/wp\/v2\/product"}],"about":[{"href":"https:\/\/apaleoherramientas.com\/herramientas\/wp-json\/wp\/v2\/types\/product"}],"wp:featuredmedia":[{"embeddable":true,"href":"https:\/\/apaleoherramientas.com\/herramientas\/wp-json\/wp\/v2\/media\/3852"}],"wp:attachment":[{"href":"https:\/\/apaleoherramientas.com\/herramientas\/wp-json\/wp\/v2\/media?parent=2447"}],"wp:term":[{"taxonomy":"product_brand","embeddable":true,"href":"https:\/\/apaleoherramientas.com\/herramientas\/wp-json\/wp\/v2\/product_brand?post=2447"},{"taxonomy":"product_cat","embeddable":true,"href":"https:\/\/apaleoherramientas.com\/herramientas\/wp-json\/wp\/v2\/product_cat?post=2447"},{"taxonomy":"product_tag","embeddable":true,"href":"https:\/\/apaleoherramientas.com\/herramientas\/wp-json\/wp\/v2\/product_tag?post=2447"}],"curies":[{"name":"wp","href":"https:\/\/api.w.org\/{rel}","templated":true}]}}