{"id":2502,"date":"2020-11-13T20:39:02","date_gmt":"2020-11-13T20:39:02","guid":{"rendered":"https:\/\/apaleoherramientas.com\/herramientas\/product\/import-placeholder-for-23\/"},"modified":"2020-11-19T00:13:36","modified_gmt":"2020-11-19T00:13:36","slug":"juego-de-estrellas-para-rectificar-piedras-esmeriles","status":"publish","type":"product","link":"https:\/\/apaleoherramientas.com\/herramientas\/product\/juego-de-estrellas-para-rectificar-piedras-esmeriles\/","title":{"rendered":"Juego de estrellas para rectificar piedras esmeriles"},"content":{"rendered":"<p>Accesorios para rectificaci\u00f3n de cig\u00fce\u00f1ales<\/p>\n","protected":false},"excerpt":{"rendered":"<p>Accesorios para rectificaci\u00f3n de cig\u00fce\u00f1ales<\/p>\n","protected":false},"featured_media":3854,"template":"","meta":[],"product_brand":[],"product_cat":[26,73,27,58],"product_tag":[],"class_list":{"0":"post-2502","1":"product","2":"type-product","3":"status-publish","4":"has-post-thumbnail","6":"product_cat-abrasivos","7":"product_cat-accesorios","8":"product_cat-piedras-esmeriles","9":"product_cat-rectificacion-de-cigueales","11":"first","12":"instock","13":"shipping-taxable","14":"product-type-variable"},"_links":{"self":[{"href":"https:\/\/apaleoherramientas.com\/herramientas\/wp-json\/wp\/v2\/product\/2502","targetHints":{"allow":["GET"]}}],"collection":[{"href":"https:\/\/apaleoherramientas.com\/herramientas\/wp-json\/wp\/v2\/product"}],"about":[{"href":"https:\/\/apaleoherramientas.com\/herramientas\/wp-json\/wp\/v2\/types\/product"}],"wp:featuredmedia":[{"embeddable":true,"href":"https:\/\/apaleoherramientas.com\/herramientas\/wp-json\/wp\/v2\/media\/3854"}],"wp:attachment":[{"href":"https:\/\/apaleoherramientas.com\/herramientas\/wp-json\/wp\/v2\/media?parent=2502"}],"wp:term":[{"taxonomy":"product_brand","embeddable":true,"href":"https:\/\/apaleoherramientas.com\/herramientas\/wp-json\/wp\/v2\/product_brand?post=2502"},{"taxonomy":"product_cat","embeddable":true,"href":"https:\/\/apaleoherramientas.com\/herramientas\/wp-json\/wp\/v2\/product_cat?post=2502"},{"taxonomy":"product_tag","embeddable":true,"href":"https:\/\/apaleoherramientas.com\/herramientas\/wp-json\/wp\/v2\/product_tag?post=2502"}],"curies":[{"name":"wp","href":"https:\/\/api.w.org\/{rel}","templated":true}]}}