{"id":4343,"date":"2020-11-25T00:42:34","date_gmt":"2020-11-25T00:42:34","guid":{"rendered":"https:\/\/apaleoherramientas.com\/herramientas\/product\/import-placeholder-for-519\/"},"modified":"2020-12-29T17:33:36","modified_gmt":"2020-12-29T17:33:36","slug":"esmeriladora-de-valvulas-podio","status":"publish","type":"product","link":"https:\/\/apaleoherramientas.com\/herramientas\/product\/esmeriladora-de-valvulas-podio\/","title":{"rendered":"Procedencia China &#8211; Esmeriladora de V\u00e1lvulas"},"content":{"rendered":"<p>Reduce el tiempo en un 90% en el esmerilado de v\u00e1lvulas<\/p>\n<ul>\n<li><strong>Solamente en 3 minutos puede esmerilar una tapa de 12 v\u00e1lvulas<\/strong><\/li>\n<li><strong>Liviana y simple<\/strong><\/li>\n<li><strong>Ventosas intercambiables seg\u00fan la v\u00e1lvula<\/strong><\/li>\n<li><strong>Regulador de golpe (600 G.P.M)<\/strong><\/li>\n<\/ul>\n","protected":false},"excerpt":{"rendered":"<p>Reduce el tiempo en un 90% en el esmerilado de v\u00e1lvulas Solamente en 3 minutos puede esmerilar una tapa de 12 v\u00e1lvulas Liviana y simple Ventosas intercambiables seg\u00fan la v\u00e1lvula Regulador de golpe (600 G.P.M)<\/p>\n","protected":false},"featured_media":5044,"template":"","meta":[],"product_brand":[],"product_cat":[91],"product_tag":[107],"class_list":{"0":"post-4343","1":"product","2":"type-product","3":"status-publish","4":"has-post-thumbnail","6":"product_cat-herramientas-neumaticas","7":"product_tag-procedencia-china","9":"first","10":"instock","11":"shipping-taxable","12":"product-type-simple"},"_links":{"self":[{"href":"https:\/\/apaleoherramientas.com\/herramientas\/wp-json\/wp\/v2\/product\/4343","targetHints":{"allow":["GET"]}}],"collection":[{"href":"https:\/\/apaleoherramientas.com\/herramientas\/wp-json\/wp\/v2\/product"}],"about":[{"href":"https:\/\/apaleoherramientas.com\/herramientas\/wp-json\/wp\/v2\/types\/product"}],"wp:featuredmedia":[{"embeddable":true,"href":"https:\/\/apaleoherramientas.com\/herramientas\/wp-json\/wp\/v2\/media\/5044"}],"wp:attachment":[{"href":"https:\/\/apaleoherramientas.com\/herramientas\/wp-json\/wp\/v2\/media?parent=4343"}],"wp:term":[{"taxonomy":"product_brand","embeddable":true,"href":"https:\/\/apaleoherramientas.com\/herramientas\/wp-json\/wp\/v2\/product_brand?post=4343"},{"taxonomy":"product_cat","embeddable":true,"href":"https:\/\/apaleoherramientas.com\/herramientas\/wp-json\/wp\/v2\/product_cat?post=4343"},{"taxonomy":"product_tag","embeddable":true,"href":"https:\/\/apaleoherramientas.com\/herramientas\/wp-json\/wp\/v2\/product_tag?post=4343"}],"curies":[{"name":"wp","href":"https:\/\/api.w.org\/{rel}","templated":true}]}}