{"id":4877,"date":"2020-12-04T13:06:13","date_gmt":"2020-12-04T13:06:13","guid":{"rendered":"https:\/\/apaleoherramientas.com\/herramientas\/?post_type=product&#038;p=4877"},"modified":"2020-12-04T13:11:49","modified_gmt":"2020-12-04T13:11:49","slug":"dinamometro-para-ensayo-de-resortes","status":"publish","type":"product","link":"https:\/\/apaleoherramientas.com\/herramientas\/product\/dinamometro-para-ensayo-de-resortes\/","title":{"rendered":"Dinamometro para ensayo de resortes"},"content":{"rendered":"<p>Este aparato esta especialmente dise\u00f1ado para ensayar la eficiencia de los resortes de compresi\u00f3n.<\/p>\n<p>Permite realizar la medici\u00f3n de presi\u00f3n de los resortes mediante tres m\u00e9todos:<\/p>\n<p>&nbsp;<\/p>\n<ol>\n<li>Por comparaci\u00f3n con resorte patr\u00f3n<\/li>\n<li>Por lectura directa con escala calibrada en Libras Kilogramos Fuerza y Newton<\/li>\n<li>Por c\u00e1lculo<\/li>\n<\/ol>\n","protected":false},"excerpt":{"rendered":"<p>Este aparato esta especialmente dise\u00f1ado para ensayar la eficiencia de los resortes de compresi\u00f3n. Permite realizar la medici\u00f3n de presi\u00f3n de los resortes mediante tres m\u00e9todos: &nbsp; Por comparaci\u00f3n con resorte patr\u00f3n Por lectura directa con escala calibrada en Libras Kilogramos Fuerza y Newton Por c\u00e1lculo<\/p>\n","protected":false},"featured_media":4879,"template":"","meta":[],"product_brand":[],"product_cat":[101],"product_tag":[],"class_list":{"0":"post-4877","1":"product","2":"type-product","3":"status-publish","4":"has-post-thumbnail","6":"product_cat-instrumentos-de-medicion","8":"first","9":"instock","10":"shipping-taxable","11":"product-type-simple"},"_links":{"self":[{"href":"https:\/\/apaleoherramientas.com\/herramientas\/wp-json\/wp\/v2\/product\/4877","targetHints":{"allow":["GET"]}}],"collection":[{"href":"https:\/\/apaleoherramientas.com\/herramientas\/wp-json\/wp\/v2\/product"}],"about":[{"href":"https:\/\/apaleoherramientas.com\/herramientas\/wp-json\/wp\/v2\/types\/product"}],"wp:featuredmedia":[{"embeddable":true,"href":"https:\/\/apaleoherramientas.com\/herramientas\/wp-json\/wp\/v2\/media\/4879"}],"wp:attachment":[{"href":"https:\/\/apaleoherramientas.com\/herramientas\/wp-json\/wp\/v2\/media?parent=4877"}],"wp:term":[{"taxonomy":"product_brand","embeddable":true,"href":"https:\/\/apaleoherramientas.com\/herramientas\/wp-json\/wp\/v2\/product_brand?post=4877"},{"taxonomy":"product_cat","embeddable":true,"href":"https:\/\/apaleoherramientas.com\/herramientas\/wp-json\/wp\/v2\/product_cat?post=4877"},{"taxonomy":"product_tag","embeddable":true,"href":"https:\/\/apaleoherramientas.com\/herramientas\/wp-json\/wp\/v2\/product_tag?post=4877"}],"curies":[{"name":"wp","href":"https:\/\/api.w.org\/{rel}","templated":true}]}}