{"id":4886,"date":"2020-12-04T13:21:04","date_gmt":"2020-12-04T13:21:04","guid":{"rendered":"https:\/\/apaleoherramientas.com\/herramientas\/?post_type=product&#038;p=4886"},"modified":"2020-12-04T13:21:04","modified_gmt":"2020-12-04T13:21:04","slug":"tacometro-cuenta-revoluciones","status":"publish","type":"product","link":"https:\/\/apaleoherramientas.com\/herramientas\/product\/tacometro-cuenta-revoluciones\/","title":{"rendered":"Tacometro Cuenta Revoluciones"},"content":{"rendered":"<h1>Digital Electr\u00f3nico &#8220;Prova&#8221; &#8211; Sin contacto<\/h1>\n<ul>\n<li>Lectura: 5 d\u00edgitos<\/li>\n<li>Rango: Desde 10 hasta 99.999rpm<\/li>\n<li>Distancia de medici\u00f3n desde 50 hasta 150mm. M\u00e1ximo 300mm<\/li>\n<li>Funciones: M\u00e1xim o m\u00ednimo y promedio<\/li>\n<li>Potencia: 4 pilas chicas comunes<\/li>\n<li>Dimensiones: 192*98*38mm<\/li>\n<li>Se provee con estuche, cinta reflectiva y manual de instrucciones<\/li>\n<\/ul>\n<p>&nbsp;<\/p>\n","protected":false},"excerpt":{"rendered":"<p>Digital Electr\u00f3nico &#8220;Prova&#8221; &#8211; Sin contacto Lectura: 5 d\u00edgitos Rango: Desde 10 hasta 99.999rpm Distancia de medici\u00f3n desde 50 hasta 150mm. M\u00e1ximo 300mm Funciones: M\u00e1xim o m\u00ednimo y promedio Potencia: 4 pilas chicas comunes Dimensiones: 192*98*38mm Se provee con estuche, cinta reflectiva y manual de instrucciones &nbsp;<\/p>\n","protected":false},"featured_media":4887,"template":"","meta":[],"product_brand":[],"product_cat":[101],"product_tag":[],"class_list":{"0":"post-4886","1":"product","2":"type-product","3":"status-publish","4":"has-post-thumbnail","6":"product_cat-instrumentos-de-medicion","8":"first","9":"instock","10":"shipping-taxable","11":"product-type-simple"},"_links":{"self":[{"href":"https:\/\/apaleoherramientas.com\/herramientas\/wp-json\/wp\/v2\/product\/4886","targetHints":{"allow":["GET"]}}],"collection":[{"href":"https:\/\/apaleoherramientas.com\/herramientas\/wp-json\/wp\/v2\/product"}],"about":[{"href":"https:\/\/apaleoherramientas.com\/herramientas\/wp-json\/wp\/v2\/types\/product"}],"wp:featuredmedia":[{"embeddable":true,"href":"https:\/\/apaleoherramientas.com\/herramientas\/wp-json\/wp\/v2\/media\/4887"}],"wp:attachment":[{"href":"https:\/\/apaleoherramientas.com\/herramientas\/wp-json\/wp\/v2\/media?parent=4886"}],"wp:term":[{"taxonomy":"product_brand","embeddable":true,"href":"https:\/\/apaleoherramientas.com\/herramientas\/wp-json\/wp\/v2\/product_brand?post=4886"},{"taxonomy":"product_cat","embeddable":true,"href":"https:\/\/apaleoherramientas.com\/herramientas\/wp-json\/wp\/v2\/product_cat?post=4886"},{"taxonomy":"product_tag","embeddable":true,"href":"https:\/\/apaleoherramientas.com\/herramientas\/wp-json\/wp\/v2\/product_tag?post=4886"}],"curies":[{"name":"wp","href":"https:\/\/api.w.org\/{rel}","templated":true}]}}