{"id":5024,"date":"2020-12-24T21:32:28","date_gmt":"2020-12-24T21:32:28","guid":{"rendered":"https:\/\/apaleoherramientas.com\/herramientas\/?post_type=product&#038;p=5024"},"modified":"2021-01-05T20:07:48","modified_gmt":"2021-01-05T20:07:48","slug":"dispositivo-a-reloj-comparador-para-medicion-continua-en-maquina-rectificadora-de-ciguenales","status":"publish","type":"product","link":"https:\/\/apaleoherramientas.com\/herramientas\/product\/dispositivo-a-reloj-comparador-para-medicion-continua-en-maquina-rectificadora-de-ciguenales\/","title":{"rendered":"Dispositivo a reloj comparador para medici\u00f3n continua en maquina rectificadora de cig\u00fce\u00f1ales"},"content":{"rendered":"<ul>\n<li>Rango de medici\u00f3n de 30 a 200mm.<\/li>\n<li>Contactos de metal duro<\/li>\n<li>Adaptable a todas las marcas (Biper \/BLM\/ Berco \/Van Norman\/Faversan, etc)<\/li>\n<li>Con reloj comparador 60mm 0.01 incluido<\/li>\n<\/ul>\n","protected":false},"excerpt":{"rendered":"<p>Rango de medici\u00f3n de 30 a 200mm. Contactos de metal duro Adaptable a todas las marcas (Biper \/BLM\/ Berco \/Van Norman\/Faversan, etc) Con reloj comparador 60mm 0.01 incluido<\/p>\n","protected":false},"featured_media":5076,"template":"","meta":[],"product_brand":[],"product_cat":[101],"product_tag":[],"class_list":{"0":"post-5024","1":"product","2":"type-product","3":"status-publish","4":"has-post-thumbnail","6":"product_cat-instrumentos-de-medicion","8":"first","9":"instock","10":"shipping-taxable","11":"product-type-simple"},"_links":{"self":[{"href":"https:\/\/apaleoherramientas.com\/herramientas\/wp-json\/wp\/v2\/product\/5024","targetHints":{"allow":["GET"]}}],"collection":[{"href":"https:\/\/apaleoherramientas.com\/herramientas\/wp-json\/wp\/v2\/product"}],"about":[{"href":"https:\/\/apaleoherramientas.com\/herramientas\/wp-json\/wp\/v2\/types\/product"}],"wp:featuredmedia":[{"embeddable":true,"href":"https:\/\/apaleoherramientas.com\/herramientas\/wp-json\/wp\/v2\/media\/5076"}],"wp:attachment":[{"href":"https:\/\/apaleoherramientas.com\/herramientas\/wp-json\/wp\/v2\/media?parent=5024"}],"wp:term":[{"taxonomy":"product_brand","embeddable":true,"href":"https:\/\/apaleoherramientas.com\/herramientas\/wp-json\/wp\/v2\/product_brand?post=5024"},{"taxonomy":"product_cat","embeddable":true,"href":"https:\/\/apaleoherramientas.com\/herramientas\/wp-json\/wp\/v2\/product_cat?post=5024"},{"taxonomy":"product_tag","embeddable":true,"href":"https:\/\/apaleoherramientas.com\/herramientas\/wp-json\/wp\/v2\/product_tag?post=5024"}],"curies":[{"name":"wp","href":"https:\/\/api.w.org\/{rel}","templated":true}]}}