{"id":5025,"date":"2020-12-24T21:34:29","date_gmt":"2020-12-24T21:34:29","guid":{"rendered":"https:\/\/apaleoherramientas.com\/herramientas\/?post_type=product&#038;p=5025"},"modified":"2021-01-05T20:09:39","modified_gmt":"2021-01-05T20:09:39","slug":"reglas-rigidas-para-control-de-planitud-seccion-rectangular-totalmente-rectilineas-seccion-doble-t-sin-milimetrar","status":"publish","type":"product","link":"https:\/\/apaleoherramientas.com\/herramientas\/product\/reglas-rigidas-para-control-de-planitud-seccion-rectangular-totalmente-rectilineas-seccion-doble-t-sin-milimetrar\/","title":{"rendered":"Reglas R\u00edgidas control de Planitud &#8211; Secci\u00f3n Rectangular &#8211; Totalmente Rectil\u00edneas secci\u00f3n doble T sin Milimetrar"},"content":{"rendered":"<p>Medidas mm 700 x 11,5 x 48<\/p>\n","protected":false},"excerpt":{"rendered":"<p>Medidas mm 700 x 11,5 x 48<\/p>\n","protected":false},"featured_media":5078,"template":"","meta":[],"product_brand":[],"product_cat":[101],"product_tag":[],"class_list":{"0":"post-5025","1":"product","2":"type-product","3":"status-publish","4":"has-post-thumbnail","6":"product_cat-instrumentos-de-medicion","8":"first","9":"instock","10":"shipping-taxable","11":"product-type-simple"},"_links":{"self":[{"href":"https:\/\/apaleoherramientas.com\/herramientas\/wp-json\/wp\/v2\/product\/5025","targetHints":{"allow":["GET"]}}],"collection":[{"href":"https:\/\/apaleoherramientas.com\/herramientas\/wp-json\/wp\/v2\/product"}],"about":[{"href":"https:\/\/apaleoherramientas.com\/herramientas\/wp-json\/wp\/v2\/types\/product"}],"wp:featuredmedia":[{"embeddable":true,"href":"https:\/\/apaleoherramientas.com\/herramientas\/wp-json\/wp\/v2\/media\/5078"}],"wp:attachment":[{"href":"https:\/\/apaleoherramientas.com\/herramientas\/wp-json\/wp\/v2\/media?parent=5025"}],"wp:term":[{"taxonomy":"product_brand","embeddable":true,"href":"https:\/\/apaleoherramientas.com\/herramientas\/wp-json\/wp\/v2\/product_brand?post=5025"},{"taxonomy":"product_cat","embeddable":true,"href":"https:\/\/apaleoherramientas.com\/herramientas\/wp-json\/wp\/v2\/product_cat?post=5025"},{"taxonomy":"product_tag","embeddable":true,"href":"https:\/\/apaleoherramientas.com\/herramientas\/wp-json\/wp\/v2\/product_tag?post=5025"}],"curies":[{"name":"wp","href":"https:\/\/api.w.org\/{rel}","templated":true}]}}